{"id":134,"date":"2020-03-18T10:43:37","date_gmt":"2020-03-18T10:43:37","guid":{"rendered":"https:\/\/whaledevops.com\/erdemhukuk\/?page_id=134"},"modified":"2020-05-22T16:35:15","modified_gmt":"2020-05-22T16:35:15","slug":"contact","status":"publish","type":"page","link":"https:\/\/erdemhukuk.av.tr\/en\/contact\/","title":{"rendered":"Contact"},"content":{"rendered":"","protected":false},"excerpt":{"rendered":"","protected":false},"author":1,"featured_media":0,"parent":0,"menu_order":0,"comment_status":"closed","ping_status":"closed","template":"page-contact.php","meta":{"footnotes":""},"class_list":["post-134","page","type-page","status-publish","hentry"],"yoast_head":"<!-- This site is optimized with the Yoast SEO plugin v27.4 - https:\/\/yoast.com\/product\/yoast-seo-wordpress\/ -->\n<title>Contact | Erdem Attorney Partnership<\/title>\n<meta name=\"description\" content=\"Erdem Law Firm provides legal services its clients at Ni\u015fanta\u015f\u0131 Abdi \u0130pek\u00e7i Caddesi \u00fczerinde Deniz Apt. No:20 Kat:4\/5 \u015ei\u015fli \u0130stanbul.\" \/>\n<meta name=\"robots\" content=\"index, follow, max-snippet:-1, max-image-preview:large, max-video-preview:-1\" \/>\n<link rel=\"canonical\" href=\"https:\/\/erdemhukuk.av.tr\/en\/contact\/\" \/>\n<meta property=\"og:locale\" content=\"en_US\" \/>\n<meta property=\"og:type\" content=\"article\" \/>\n<meta property=\"og:title\" content=\"Contact | Erdem Attorney Partnership\" \/>\n<meta property=\"og:description\" content=\"Erdem Law Firm provides legal services its clients at Ni\u015fanta\u015f\u0131 Abdi \u0130pek\u00e7i Caddesi \u00fczerinde Deniz Apt. No:20 Kat:4\/5 \u015ei\u015fli \u0130stanbul.\" \/>\n<meta property=\"og:url\" content=\"https:\/\/erdemhukuk.av.tr\/en\/contact\/\" \/>\n<meta property=\"og:site_name\" content=\"Erdem Attorney Partnership\" \/>\n<meta property=\"article:modified_time\" content=\"2020-05-22T16:35:15+00:00\" \/>\n<meta name=\"twitter:card\" content=\"summary_large_image\" \/>\n<script type=\"application\/ld+json\" class=\"yoast-schema-graph\">{\"@context\":\"https:\\\/\\\/schema.org\",\"@graph\":[{\"@type\":\"WebPage\",\"@id\":\"https:\\\/\\\/erdemhukuk.av.tr\\\/en\\\/contact\\\/\",\"url\":\"https:\\\/\\\/erdemhukuk.av.tr\\\/en\\\/contact\\\/\",\"name\":\"Contact | Erdem Attorney Partnership\",\"isPartOf\":{\"@id\":\"https:\\\/\\\/erdemhukuk.av.tr\\\/en\\\/#website\"},\"datePublished\":\"2020-03-18T10:43:37+00:00\",\"dateModified\":\"2020-05-22T16:35:15+00:00\",\"description\":\"Erdem Law Firm provides legal services its clients at Ni\u015fanta\u015f\u0131 Abdi \u0130pek\u00e7i Caddesi \u00fczerinde Deniz Apt. No:20 Kat:4\\\/5 \u015ei\u015fli \u0130stanbul.\",\"breadcrumb\":{\"@id\":\"https:\\\/\\\/erdemhukuk.av.tr\\\/en\\\/contact\\\/#breadcrumb\"},\"inLanguage\":\"en-US\",\"potentialAction\":[{\"@type\":\"ReadAction\",\"target\":[\"https:\\\/\\\/erdemhukuk.av.tr\\\/en\\\/contact\\\/\"]}]},{\"@type\":\"BreadcrumbList\",\"@id\":\"https:\\\/\\\/erdemhukuk.av.tr\\\/en\\\/contact\\\/#breadcrumb\",\"itemListElement\":[{\"@type\":\"ListItem\",\"position\":1,\"name\":\"Ana sayfa\",\"item\":\"https:\\\/\\\/erdemhukuk.av.tr\\\/en\\\/\"},{\"@type\":\"ListItem\",\"position\":2,\"name\":\"Contact\"}]},{\"@type\":\"WebSite\",\"@id\":\"https:\\\/\\\/erdemhukuk.av.tr\\\/en\\\/#website\",\"url\":\"https:\\\/\\\/erdemhukuk.av.tr\\\/en\\\/\",\"name\":\"Erdem Avukatl\u0131k Ortakl\u0131\u011f\u0131\",\"description\":\"\",\"publisher\":{\"@id\":\"https:\\\/\\\/erdemhukuk.av.tr\\\/en\\\/#organization\"},\"alternateName\":\"Erdem Avukatl\u0131k Ortakl\u0131\u011f\u0131\",\"potentialAction\":[{\"@type\":\"SearchAction\",\"target\":{\"@type\":\"EntryPoint\",\"urlTemplate\":\"https:\\\/\\\/erdemhukuk.av.tr\\\/en\\\/?s={search_term_string}\"},\"query-input\":{\"@type\":\"PropertyValueSpecification\",\"valueRequired\":true,\"valueName\":\"search_term_string\"}}],\"inLanguage\":\"en-US\"},{\"@type\":\"Organization\",\"@id\":\"https:\\\/\\\/erdemhukuk.av.tr\\\/en\\\/#organization\",\"name\":\"Erdem Avukatl\u0131k Ortakl\u0131\u011f\u0131\",\"url\":\"https:\\\/\\\/erdemhukuk.av.tr\\\/en\\\/\",\"logo\":{\"@type\":\"ImageObject\",\"inLanguage\":\"en-US\",\"@id\":\"https:\\\/\\\/erdemhukuk.av.tr\\\/en\\\/#\\\/schema\\\/logo\\\/image\\\/\",\"url\":\"https:\\\/\\\/erdemhukuk.av.tr\\\/wp-content\\\/uploads\\\/2023\\\/01\\\/ErdemHukuk-Logo-TR-2.png\",\"contentUrl\":\"https:\\\/\\\/erdemhukuk.av.tr\\\/wp-content\\\/uploads\\\/2023\\\/01\\\/ErdemHukuk-Logo-TR-2.png\",\"width\":470,\"height\":285,\"caption\":\"Erdem Avukatl\u0131k Ortakl\u0131\u011f\u0131\"},\"image\":{\"@id\":\"https:\\\/\\\/erdemhukuk.av.tr\\\/en\\\/#\\\/schema\\\/logo\\\/image\\\/\"}}]}<\/script>\n<!-- \/ Yoast SEO plugin. -->","yoast_head_json":{"title":"Contact | Erdem Attorney Partnership","description":"Erdem Law Firm provides legal services its clients at Ni\u015fanta\u015f\u0131 Abdi \u0130pek\u00e7i Caddesi \u00fczerinde Deniz Apt. No:20 Kat:4\/5 \u015ei\u015fli \u0130stanbul.","robots":{"index":"index","follow":"follow","max-snippet":"max-snippet:-1","max-image-preview":"max-image-preview:large","max-video-preview":"max-video-preview:-1"},"canonical":"https:\/\/erdemhukuk.av.tr\/en\/contact\/","og_locale":"en_US","og_type":"article","og_title":"Contact | Erdem Attorney Partnership","og_description":"Erdem Law Firm provides legal services its clients at Ni\u015fanta\u015f\u0131 Abdi \u0130pek\u00e7i Caddesi \u00fczerinde Deniz Apt. No:20 Kat:4\/5 \u015ei\u015fli \u0130stanbul.","og_url":"https:\/\/erdemhukuk.av.tr\/en\/contact\/","og_site_name":"Erdem Attorney Partnership","article_modified_time":"2020-05-22T16:35:15+00:00","twitter_card":"summary_large_image","schema":{"@context":"https:\/\/schema.org","@graph":[{"@type":"WebPage","@id":"https:\/\/erdemhukuk.av.tr\/en\/contact\/","url":"https:\/\/erdemhukuk.av.tr\/en\/contact\/","name":"Contact | Erdem Attorney Partnership","isPartOf":{"@id":"https:\/\/erdemhukuk.av.tr\/en\/#website"},"datePublished":"2020-03-18T10:43:37+00:00","dateModified":"2020-05-22T16:35:15+00:00","description":"Erdem Law Firm provides legal services its clients at Ni\u015fanta\u015f\u0131 Abdi \u0130pek\u00e7i Caddesi \u00fczerinde Deniz Apt. No:20 Kat:4\/5 \u015ei\u015fli \u0130stanbul.","breadcrumb":{"@id":"https:\/\/erdemhukuk.av.tr\/en\/contact\/#breadcrumb"},"inLanguage":"en-US","potentialAction":[{"@type":"ReadAction","target":["https:\/\/erdemhukuk.av.tr\/en\/contact\/"]}]},{"@type":"BreadcrumbList","@id":"https:\/\/erdemhukuk.av.tr\/en\/contact\/#breadcrumb","itemListElement":[{"@type":"ListItem","position":1,"name":"Ana sayfa","item":"https:\/\/erdemhukuk.av.tr\/en\/"},{"@type":"ListItem","position":2,"name":"Contact"}]},{"@type":"WebSite","@id":"https:\/\/erdemhukuk.av.tr\/en\/#website","url":"https:\/\/erdemhukuk.av.tr\/en\/","name":"Erdem Avukatl\u0131k Ortakl\u0131\u011f\u0131","description":"","publisher":{"@id":"https:\/\/erdemhukuk.av.tr\/en\/#organization"},"alternateName":"Erdem Avukatl\u0131k Ortakl\u0131\u011f\u0131","potentialAction":[{"@type":"SearchAction","target":{"@type":"EntryPoint","urlTemplate":"https:\/\/erdemhukuk.av.tr\/en\/?s={search_term_string}"},"query-input":{"@type":"PropertyValueSpecification","valueRequired":true,"valueName":"search_term_string"}}],"inLanguage":"en-US"},{"@type":"Organization","@id":"https:\/\/erdemhukuk.av.tr\/en\/#organization","name":"Erdem Avukatl\u0131k Ortakl\u0131\u011f\u0131","url":"https:\/\/erdemhukuk.av.tr\/en\/","logo":{"@type":"ImageObject","inLanguage":"en-US","@id":"https:\/\/erdemhukuk.av.tr\/en\/#\/schema\/logo\/image\/","url":"https:\/\/erdemhukuk.av.tr\/wp-content\/uploads\/2023\/01\/ErdemHukuk-Logo-TR-2.png","contentUrl":"https:\/\/erdemhukuk.av.tr\/wp-content\/uploads\/2023\/01\/ErdemHukuk-Logo-TR-2.png","width":470,"height":285,"caption":"Erdem Avukatl\u0131k Ortakl\u0131\u011f\u0131"},"image":{"@id":"https:\/\/erdemhukuk.av.tr\/en\/#\/schema\/logo\/image\/"}}]}},"_links":{"self":[{"href":"https:\/\/erdemhukuk.av.tr\/en\/wp-json\/wp\/v2\/pages\/134","targetHints":{"allow":["GET"]}}],"collection":[{"href":"https:\/\/erdemhukuk.av.tr\/en\/wp-json\/wp\/v2\/pages"}],"about":[{"href":"https:\/\/erdemhukuk.av.tr\/en\/wp-json\/wp\/v2\/types\/page"}],"author":[{"embeddable":true,"href":"https:\/\/erdemhukuk.av.tr\/en\/wp-json\/wp\/v2\/users\/1"}],"replies":[{"embeddable":true,"href":"https:\/\/erdemhukuk.av.tr\/en\/wp-json\/wp\/v2\/comments?post=134"}],"version-history":[{"count":1,"href":"https:\/\/erdemhukuk.av.tr\/en\/wp-json\/wp\/v2\/pages\/134\/revisions"}],"predecessor-version":[{"id":135,"href":"https:\/\/erdemhukuk.av.tr\/en\/wp-json\/wp\/v2\/pages\/134\/revisions\/135"}],"wp:attachment":[{"href":"https:\/\/erdemhukuk.av.tr\/en\/wp-json\/wp\/v2\/media?parent=134"}],"curies":[{"name":"wp","href":"https:\/\/api.w.org\/{rel}","templated":true}]}}